{"id":9609,"date":"2023-04-21T07:44:05","date_gmt":"2023-04-21T05:44:05","guid":{"rendered":"https:\/\/etpconsult.dk\/references\/"},"modified":"2025-10-06T11:05:32","modified_gmt":"2025-10-06T09:05:32","slug":"references","status":"publish","type":"page","link":"https:\/\/etpconsult.dk\/en\/references\/","title":{"rendered":"References"},"content":{"rendered":"\t\t<div data-elementor-type=\"wp-page\" data-elementor-id=\"9609\" class=\"elementor elementor-9609 elementor-4047\" data-elementor-post-type=\"page\">\n\t\t\t\t<div class=\"elementor-element elementor-element-299ec87c e-con-full no-padding e-flex e-con e-parent\" data-id=\"299ec87c\" data-element_type=\"container\" data-e-type=\"container\">\n\t\t\t\t<div class=\"elementor-element elementor-element-7ff8d34 elementor-widget elementor-widget-template\" data-id=\"7ff8d34\" data-element_type=\"widget\" data-e-type=\"widget\" data-widget_type=\"template.default\">\n\t\t\t\t<div class=\"elementor-widget-container\">\n\t\t\t\t\t\t\t<div class=\"elementor-template\">\n\t\t\t\t\t<div data-elementor-type=\"container\" data-elementor-id=\"6563\" class=\"elementor elementor-6563\" data-elementor-post-type=\"elementor_library\">\n\t\t\t\t<div class=\"elementor-element elementor-element-6b499f1f e-con-full no-padding e-flex e-con e-parent\" data-id=\"6b499f1f\" data-element_type=\"container\" data-e-type=\"container\">\n\t\t\t\t<div class=\"elementor-element elementor-element-1ecbb66 elementor-widget elementor-widget-template\" data-id=\"1ecbb66\" data-element_type=\"widget\" data-e-type=\"widget\" data-widget_type=\"template.default\">\n\t\t\t\t<div class=\"elementor-widget-container\">\n\t\t\t\t\t\t\t<div class=\"elementor-template\">\n\t\t\t\t\t<div data-elementor-type=\"container\" data-elementor-id=\"6584\" class=\"elementor elementor-6584\" data-elementor-post-type=\"elementor_library\">\n\t\t\t\t<div class=\"elementor-element elementor-element-4c2747cd e-con-full no-padding light e-flex e-con e-parent\" data-id=\"4c2747cd\" data-element_type=\"container\" data-e-type=\"container\">\n\t\t<div class=\"elementor-element elementor-element-d50aaae e-con-full contained left e-flex e-con e-child\" data-id=\"d50aaae\" data-element_type=\"container\" data-e-type=\"container\">\n\t\t\t\t<div class=\"elementor-element elementor-element-a2b7b87 elementor-icon-list--layout-inline elementor-align-start elementor-list-item-link-full_width elementor-widget elementor-widget-icon-list\" data-id=\"a2b7b87\" data-element_type=\"widget\" data-e-type=\"widget\" data-widget_type=\"icon-list.default\">\n\t\t\t\t<div class=\"elementor-widget-container\">\n\t\t\t\t\t\t\t<ul class=\"elementor-icon-list-items elementor-inline-items\">\n\t\t\t\t\t\t\t<li class=\"elementor-icon-list-item elementor-inline-item\">\n\t\t\t\t\t\t\t\t\t\t<span class=\"elementor-icon-list-text\"><a href=\"tel:+45 51 30 62 22\" aria-label=\"Telefon nummer\">+45 51 30 62 22<\/a><\/span>\n\t\t\t\t\t\t\t\t\t<\/li>\n\t\t\t\t\t\t\t\t<li class=\"elementor-icon-list-item elementor-inline-item\">\n\t\t\t\t\t\t\t\t\t\t<span class=\"elementor-icon-list-text\"><a href=\"mailto:plg@etpconsult.dk\" aria-label=\"Email adresse\">plg@etpconsult.dk<\/a><\/span>\n\t\t\t\t\t\t\t\t\t<\/li>\n\t\t\t\t\t\t<\/ul>\n\t\t\t\t\t\t<\/div>\n\t\t\t\t<\/div>\n\t\t\t\t<\/div>\n\t\t<div class=\"elementor-element elementor-element-2086bd54 e-con-full elementor-hidden-mobile e-flex e-con e-child\" data-id=\"2086bd54\" data-element_type=\"container\" data-e-type=\"container\" data-settings=\"{&quot;background_background&quot;:&quot;classic&quot;}\">\n\t\t\t\t<\/div>\n\t\t\t\t<\/div>\n\t\t\t\t<\/div>\n\t\t\t\t<\/div>\n\t\t\t\t\t\t<\/div>\n\t\t\t\t<\/div>\n\t\t\t\t<\/div>\n\t\t\t\t<\/div>\n\t\t\t\t<\/div>\n\t\t\t\t\t\t<\/div>\n\t\t\t\t<\/div>\n\t\t\t\t<\/div>\n\t\t<div class=\"elementor-element elementor-element-7dfb8e5 e-flex e-con-boxed e-con e-parent\" data-id=\"7dfb8e5\" data-element_type=\"container\" data-e-type=\"container\">\n\t\t\t\t\t<div class=\"e-con-inner\">\n\t\t\t\t<div class=\"elementor-element elementor-element-0f2660f elementor-widget elementor-widget-gallery\" data-id=\"0f2660f\" data-element_type=\"widget\" data-e-type=\"widget\" data-settings=\"{&quot;columns_tablet&quot;:3,&quot;columns_mobile&quot;:2,&quot;gap&quot;:{&quot;unit&quot;:&quot;px&quot;,&quot;size&quot;:30,&quot;sizes&quot;:[]},&quot;lazyload&quot;:&quot;yes&quot;,&quot;gallery_layout&quot;:&quot;grid&quot;,&quot;columns&quot;:4,&quot;gap_laptop&quot;:{&quot;unit&quot;:&quot;px&quot;,&quot;size&quot;:10,&quot;sizes&quot;:[]},&quot;gap_tablet&quot;:{&quot;unit&quot;:&quot;px&quot;,&quot;size&quot;:10,&quot;sizes&quot;:[]},&quot;gap_mobile&quot;:{&quot;unit&quot;:&quot;px&quot;,&quot;size&quot;:10,&quot;sizes&quot;:[]},&quot;link_to&quot;:&quot;file&quot;,&quot;aspect_ratio&quot;:&quot;3:2&quot;,&quot;content_hover_animation&quot;:&quot;fade-in&quot;}\" data-widget_type=\"gallery.default\">\n\t\t\t\t<div class=\"elementor-widget-container\">\n\t\t\t\t\t\t\t<div class=\"elementor-gallery__container\">\n\t\t\t\t\t\t\t<a class=\"e-gallery-item elementor-gallery-item elementor-animated-content\" href=\"https:\/\/etpconsult.dk\/wp-content\/uploads\/2025\/01\/energiMidt.png\" data-elementor-open-lightbox=\"yes\" data-elementor-lightbox-slideshow=\"0f2660f\" data-e-action-hash=\"#elementor-action%3Aaction%3Dlightbox%26settings%3DeyJpZCI6OTUzNiwidXJsIjoiaHR0cHM6XC9cL2V0cGNvbnN1bHQuZGtcL3dwLWNvbnRlbnRcL3VwbG9hZHNcLzIwMjVcLzAxXC9lbmVyZ2lNaWR0LnBuZyIsInNsaWRlc2hvdyI6IjBmMjY2MGYifQ%3D%3D\" data-rel=\"-image-0\" data-rl_title=\"\" data-rl_caption=\"\" title=\"\">\n\t\t\t\t\t<div class=\"e-gallery-image elementor-gallery-item__image\" data-thumbnail=\"https:\/\/etpconsult.dk\/wp-content\/uploads\/2025\/01\/energiMidt.png\" data-width=\"160\" data-height=\"62\" aria-label=\"\" role=\"img\" ><\/div>\n\t\t\t\t\t\t\t\t\t\t\t\t\t\t<\/a>\n\t\t\t\t\t\t\t<a class=\"e-gallery-item elementor-gallery-item elementor-animated-content\" href=\"https:\/\/etpconsult.dk\/wp-content\/uploads\/2025\/01\/inuplan-Groen2.jpg\" data-elementor-open-lightbox=\"yes\" data-elementor-lightbox-slideshow=\"0f2660f\" data-e-action-hash=\"#elementor-action%3Aaction%3Dlightbox%26settings%3DeyJpZCI6OTUzNywidXJsIjoiaHR0cHM6XC9cL2V0cGNvbnN1bHQuZGtcL3dwLWNvbnRlbnRcL3VwbG9hZHNcLzIwMjVcLzAxXC9pbnVwbGFuLUdyb2VuMi5qcGciLCJzbGlkZXNob3ciOiIwZjI2NjBmIn0%3D\" data-rel=\"-image-1\" data-rl_title=\"\" data-rl_caption=\"\" title=\"\">\n\t\t\t\t\t<div class=\"e-gallery-image elementor-gallery-item__image\" data-thumbnail=\"https:\/\/etpconsult.dk\/wp-content\/uploads\/2025\/01\/inuplan-Groen2-500x162.jpg\" data-width=\"500\" data-height=\"162\" aria-label=\"\" role=\"img\" ><\/div>\n\t\t\t\t\t\t\t\t\t\t\t\t\t\t<\/a>\n\t\t\t\t\t\t\t<a class=\"e-gallery-item elementor-gallery-item elementor-animated-content\" href=\"https:\/\/etpconsult.dk\/wp-content\/uploads\/2025\/01\/logo-Nukissiorfiit.gif\" data-elementor-open-lightbox=\"yes\" data-elementor-lightbox-slideshow=\"0f2660f\" data-e-action-hash=\"#elementor-action%3Aaction%3Dlightbox%26settings%3DeyJpZCI6OTUzOCwidXJsIjoiaHR0cHM6XC9cL2V0cGNvbnN1bHQuZGtcL3dwLWNvbnRlbnRcL3VwbG9hZHNcLzIwMjVcLzAxXC9sb2dvLU51a2lzc2lvcmZpaXQuZ2lmIiwic2xpZGVzaG93IjoiMGYyNjYwZiJ9\" data-rel=\"-image-2\" data-rl_title=\"\" data-rl_caption=\"\" title=\"\">\n\t\t\t\t\t<div class=\"e-gallery-image elementor-gallery-item__image\" data-thumbnail=\"https:\/\/etpconsult.dk\/wp-content\/uploads\/2025\/01\/logo-Nukissiorfiit.gif\" data-width=\"240\" data-height=\"65\" aria-label=\"\" role=\"img\" ><\/div>\n\t\t\t\t\t\t\t\t\t\t\t\t\t\t<\/a>\n\t\t\t\t\t\t\t<a class=\"e-gallery-item elementor-gallery-item elementor-animated-content\" href=\"https:\/\/etpconsult.dk\/wp-content\/uploads\/2025\/01\/mes-logo.jpg\" data-elementor-open-lightbox=\"yes\" data-elementor-lightbox-slideshow=\"0f2660f\" data-e-action-hash=\"#elementor-action%3Aaction%3Dlightbox%26settings%3DeyJpZCI6OTUzOSwidXJsIjoiaHR0cHM6XC9cL2V0cGNvbnN1bHQuZGtcL3dwLWNvbnRlbnRcL3VwbG9hZHNcLzIwMjVcLzAxXC9tZXMtbG9nby5qcGciLCJzbGlkZXNob3ciOiIwZjI2NjBmIn0%3D\" data-rel=\"-image-3\" data-rl_title=\"\" data-rl_caption=\"\" title=\"\">\n\t\t\t\t\t<div class=\"e-gallery-image elementor-gallery-item__image\" data-thumbnail=\"https:\/\/etpconsult.dk\/wp-content\/uploads\/2025\/01\/mes-logo.jpg\" data-width=\"335\" data-height=\"311\" aria-label=\"\" role=\"img\" ><\/div>\n\t\t\t\t\t\t\t\t\t\t\t\t\t\t<\/a>\n\t\t\t\t\t\t\t<a class=\"e-gallery-item elementor-gallery-item elementor-animated-content\" href=\"https:\/\/etpconsult.dk\/wp-content\/uploads\/2025\/01\/Niras-logo.png\" data-elementor-open-lightbox=\"yes\" data-elementor-lightbox-slideshow=\"0f2660f\" data-e-action-hash=\"#elementor-action%3Aaction%3Dlightbox%26settings%3DeyJpZCI6OTU0MCwidXJsIjoiaHR0cHM6XC9cL2V0cGNvbnN1bHQuZGtcL3dwLWNvbnRlbnRcL3VwbG9hZHNcLzIwMjVcLzAxXC9OaXJhcy1sb2dvLnBuZyIsInNsaWRlc2hvdyI6IjBmMjY2MGYifQ%3D%3D\" data-rel=\"-image-4\" data-rl_title=\"\" data-rl_caption=\"\" title=\"\">\n\t\t\t\t\t<div class=\"e-gallery-image elementor-gallery-item__image\" data-thumbnail=\"https:\/\/etpconsult.dk\/wp-content\/uploads\/2025\/01\/Niras-logo.png\" data-width=\"125\" data-height=\"55\" aria-label=\"\" role=\"img\" ><\/div>\n\t\t\t\t\t\t\t\t\t\t\t\t\t\t<\/a>\n\t\t\t\t\t\t\t<a class=\"e-gallery-item elementor-gallery-item elementor-animated-content\" href=\"https:\/\/etpconsult.dk\/wp-content\/uploads\/2025\/01\/Semco-logo.png\" data-elementor-open-lightbox=\"yes\" data-elementor-lightbox-slideshow=\"0f2660f\" data-e-action-hash=\"#elementor-action%3Aaction%3Dlightbox%26settings%3DeyJpZCI6OTU0MSwidXJsIjoiaHR0cHM6XC9cL2V0cGNvbnN1bHQuZGtcL3dwLWNvbnRlbnRcL3VwbG9hZHNcLzIwMjVcLzAxXC9TZW1jby1sb2dvLnBuZyIsInNsaWRlc2hvdyI6IjBmMjY2MGYifQ%3D%3D\" data-rel=\"-image-5\" data-rl_title=\"\" data-rl_caption=\"\" title=\"\">\n\t\t\t\t\t<div class=\"e-gallery-image elementor-gallery-item__image\" data-thumbnail=\"https:\/\/etpconsult.dk\/wp-content\/uploads\/2025\/01\/Semco-logo-500x152.png\" data-width=\"500\" data-height=\"152\" aria-label=\"\" role=\"img\" ><\/div>\n\t\t\t\t\t\t\t\t\t\t\t\t\t\t<\/a>\n\t\t\t\t\t\t\t<a class=\"e-gallery-item elementor-gallery-item elementor-animated-content\" href=\"https:\/\/etpconsult.dk\/wp-content\/uploads\/2025\/01\/AEA.jpg\" data-elementor-open-lightbox=\"yes\" data-elementor-lightbox-slideshow=\"0f2660f\" data-e-action-hash=\"#elementor-action%3Aaction%3Dlightbox%26settings%3DeyJpZCI6OTU0MiwidXJsIjoiaHR0cHM6XC9cL2V0cGNvbnN1bHQuZGtcL3dwLWNvbnRlbnRcL3VwbG9hZHNcLzIwMjVcLzAxXC9BRUEuanBnIiwic2xpZGVzaG93IjoiMGYyNjYwZiJ9\" data-rel=\"-image-6\" data-rl_title=\"\" data-rl_caption=\"\" title=\"\">\n\t\t\t\t\t<div class=\"e-gallery-image elementor-gallery-item__image\" data-thumbnail=\"https:\/\/etpconsult.dk\/wp-content\/uploads\/2025\/01\/AEA.jpg\" data-width=\"208\" data-height=\"116\" aria-label=\"\" role=\"img\" ><\/div>\n\t\t\t\t\t\t\t\t\t\t\t\t\t\t<\/a>\n\t\t\t\t\t\t\t<a class=\"e-gallery-item elementor-gallery-item elementor-animated-content\" href=\"https:\/\/etpconsult.dk\/wp-content\/uploads\/2025\/01\/a-hoejfeldt-logo.png\" data-elementor-open-lightbox=\"yes\" data-elementor-lightbox-slideshow=\"0f2660f\" data-e-action-hash=\"#elementor-action%3Aaction%3Dlightbox%26settings%3DeyJpZCI6OTU0MywidXJsIjoiaHR0cHM6XC9cL2V0cGNvbnN1bHQuZGtcL3dwLWNvbnRlbnRcL3VwbG9hZHNcLzIwMjVcLzAxXC9hLWhvZWpmZWxkdC1sb2dvLnBuZyIsInNsaWRlc2hvdyI6IjBmMjY2MGYifQ%3D%3D\" data-rel=\"-image-7\" data-rl_title=\"\" data-rl_caption=\"\" title=\"\">\n\t\t\t\t\t<div class=\"e-gallery-image elementor-gallery-item__image\" data-thumbnail=\"https:\/\/etpconsult.dk\/wp-content\/uploads\/2025\/01\/a-hoejfeldt-logo.png\" data-width=\"373\" data-height=\"121\" aria-label=\"\" role=\"img\" ><\/div>\n\t\t\t\t\t\t\t\t\t\t\t\t\t\t<\/a>\n\t\t\t\t\t\t\t<a class=\"e-gallery-item elementor-gallery-item elementor-animated-content\" href=\"https:\/\/etpconsult.dk\/wp-content\/uploads\/2025\/01\/dot-logo-2.jpg\" data-elementor-open-lightbox=\"yes\" data-elementor-lightbox-slideshow=\"0f2660f\" data-e-action-hash=\"#elementor-action%3Aaction%3Dlightbox%26settings%3DeyJpZCI6OTU0NCwidXJsIjoiaHR0cHM6XC9cL2V0cGNvbnN1bHQuZGtcL3dwLWNvbnRlbnRcL3VwbG9hZHNcLzIwMjVcLzAxXC9kb3QtbG9nby0yLmpwZyIsInNsaWRlc2hvdyI6IjBmMjY2MGYifQ%3D%3D\" data-rel=\"-image-8\" data-rl_title=\"\" data-rl_caption=\"\" title=\"\">\n\t\t\t\t\t<div class=\"e-gallery-image elementor-gallery-item__image\" data-thumbnail=\"https:\/\/etpconsult.dk\/wp-content\/uploads\/2025\/01\/dot-logo-2.jpg\" data-width=\"127\" data-height=\"48\" aria-label=\"\" role=\"img\" ><\/div>\n\t\t\t\t\t\t\t\t\t\t\t\t\t\t<\/a>\n\t\t\t\t\t\t\t<a class=\"e-gallery-item elementor-gallery-item elementor-animated-content\" href=\"https:\/\/etpconsult.dk\/wp-content\/uploads\/2025\/01\/elnevndin_fo.png\" data-elementor-open-lightbox=\"yes\" data-elementor-lightbox-slideshow=\"0f2660f\" data-e-action-hash=\"#elementor-action%3Aaction%3Dlightbox%26settings%3DeyJpZCI6OTU0NSwidXJsIjoiaHR0cHM6XC9cL2V0cGNvbnN1bHQuZGtcL3dwLWNvbnRlbnRcL3VwbG9hZHNcLzIwMjVcLzAxXC9lbG5ldm5kaW5fZm8ucG5nIiwic2xpZGVzaG93IjoiMGYyNjYwZiJ9\" data-rel=\"-image-9\" data-rl_title=\"\" data-rl_caption=\"\" title=\"\">\n\t\t\t\t\t<div class=\"e-gallery-image elementor-gallery-item__image\" data-thumbnail=\"https:\/\/etpconsult.dk\/wp-content\/uploads\/2025\/01\/elnevndin_fo.png\" data-width=\"363\" data-height=\"88\" aria-label=\"\" role=\"img\" ><\/div>\n\t\t\t\t\t\t\t\t\t\t\t\t\t\t<\/a>\n\t\t\t\t\t\t\t<a class=\"e-gallery-item elementor-gallery-item elementor-animated-content\" href=\"https:\/\/etpconsult.dk\/wp-content\/uploads\/2025\/01\/Landsverk.png\" data-elementor-open-lightbox=\"yes\" data-elementor-lightbox-slideshow=\"0f2660f\" data-e-action-hash=\"#elementor-action%3Aaction%3Dlightbox%26settings%3DeyJpZCI6OTU0NiwidXJsIjoiaHR0cHM6XC9cL2V0cGNvbnN1bHQuZGtcL3dwLWNvbnRlbnRcL3VwbG9hZHNcLzIwMjVcLzAxXC9MYW5kc3ZlcmsucG5nIiwic2xpZGVzaG93IjoiMGYyNjYwZiJ9\" data-rel=\"-image-10\" data-rl_title=\"\" data-rl_caption=\"\" title=\"\">\n\t\t\t\t\t<div class=\"e-gallery-image elementor-gallery-item__image\" data-thumbnail=\"https:\/\/etpconsult.dk\/wp-content\/uploads\/2025\/01\/Landsverk.png\" data-width=\"232\" data-height=\"80\" aria-label=\"\" role=\"img\" ><\/div>\n\t\t\t\t\t\t\t\t\t\t\t\t\t\t<\/a>\n\t\t\t\t\t\t\t<a class=\"e-gallery-item elementor-gallery-item elementor-animated-content\" href=\"https:\/\/etpconsult.dk\/wp-content\/uploads\/2025\/01\/logo.jpg\" data-elementor-open-lightbox=\"yes\" data-elementor-lightbox-slideshow=\"0f2660f\" data-e-action-hash=\"#elementor-action%3Aaction%3Dlightbox%26settings%3DeyJpZCI6OTU0NywidXJsIjoiaHR0cHM6XC9cL2V0cGNvbnN1bHQuZGtcL3dwLWNvbnRlbnRcL3VwbG9hZHNcLzIwMjVcLzAxXC9sb2dvLmpwZyIsInNsaWRlc2hvdyI6IjBmMjY2MGYifQ%3D%3D\" data-rel=\"-image-11\" data-rl_title=\"\" data-rl_caption=\"\" title=\"\">\n\t\t\t\t\t<div class=\"e-gallery-image elementor-gallery-item__image\" data-thumbnail=\"https:\/\/etpconsult.dk\/wp-content\/uploads\/2025\/01\/logo.jpg\" data-width=\"168\" data-height=\"64\" aria-label=\"\" role=\"img\" ><\/div>\n\t\t\t\t\t\t\t\t\t\t\t\t\t\t<\/a>\n\t\t\t\t\t\t\t<a class=\"e-gallery-item elementor-gallery-item elementor-animated-content\" href=\"https:\/\/etpconsult.dk\/wp-content\/uploads\/2025\/01\/Logo1.jpg\" data-elementor-open-lightbox=\"yes\" data-elementor-lightbox-slideshow=\"0f2660f\" data-e-action-hash=\"#elementor-action%3Aaction%3Dlightbox%26settings%3DeyJpZCI6OTU0OCwidXJsIjoiaHR0cHM6XC9cL2V0cGNvbnN1bHQuZGtcL3dwLWNvbnRlbnRcL3VwbG9hZHNcLzIwMjVcLzAxXC9Mb2dvMS5qcGciLCJzbGlkZXNob3ciOiIwZjI2NjBmIn0%3D\" data-rel=\"-image-12\" data-rl_title=\"\" data-rl_caption=\"\" title=\"\">\n\t\t\t\t\t<div class=\"e-gallery-image elementor-gallery-item__image\" data-thumbnail=\"https:\/\/etpconsult.dk\/wp-content\/uploads\/2025\/01\/Logo1.jpg\" data-width=\"193\" data-height=\"43\" aria-label=\"\" role=\"img\" ><\/div>\n\t\t\t\t\t\t\t\t\t\t\t\t\t\t<\/a>\n\t\t\t\t\t\t\t<a class=\"e-gallery-item elementor-gallery-item elementor-animated-content\" href=\"https:\/\/etpconsult.dk\/wp-content\/uploads\/2025\/01\/SEV_logo1.gif\" data-elementor-open-lightbox=\"yes\" data-elementor-lightbox-slideshow=\"0f2660f\" data-e-action-hash=\"#elementor-action%3Aaction%3Dlightbox%26settings%3DeyJpZCI6OTU0OSwidXJsIjoiaHR0cHM6XC9cL2V0cGNvbnN1bHQuZGtcL3dwLWNvbnRlbnRcL3VwbG9hZHNcLzIwMjVcLzAxXC9TRVZfbG9nbzEuZ2lmIiwic2xpZGVzaG93IjoiMGYyNjYwZiJ9\" data-rel=\"-image-13\" data-rl_title=\"\" data-rl_caption=\"\" title=\"\">\n\t\t\t\t\t<div class=\"e-gallery-image elementor-gallery-item__image\" data-thumbnail=\"https:\/\/etpconsult.dk\/wp-content\/uploads\/2025\/01\/SEV_logo1.gif\" data-width=\"107\" data-height=\"66\" aria-label=\"\" role=\"img\" ><\/div>\n\t\t\t\t\t\t\t\t\t\t\t\t\t\t<\/a>\n\t\t\t\t\t\t\t<a class=\"e-gallery-item elementor-gallery-item elementor-animated-content\" href=\"https:\/\/etpconsult.dk\/wp-content\/uploads\/2025\/01\/Title.jpg\" data-elementor-open-lightbox=\"yes\" data-elementor-lightbox-slideshow=\"0f2660f\" data-e-action-hash=\"#elementor-action%3Aaction%3Dlightbox%26settings%3DeyJpZCI6OTU1MCwidXJsIjoiaHR0cHM6XC9cL2V0cGNvbnN1bHQuZGtcL3dwLWNvbnRlbnRcL3VwbG9hZHNcLzIwMjVcLzAxXC9UaXRsZS5qcGciLCJzbGlkZXNob3ciOiIwZjI2NjBmIn0%3D\" data-rel=\"-image-14\" data-rl_title=\"\" data-rl_caption=\"\" title=\"\">\n\t\t\t\t\t<div class=\"e-gallery-image elementor-gallery-item__image\" data-thumbnail=\"https:\/\/etpconsult.dk\/wp-content\/uploads\/2025\/01\/Title.jpg\" data-width=\"83\" data-height=\"120\" aria-label=\"\" role=\"img\" ><\/div>\n\t\t\t\t\t\t\t\t\t\t\t\t\t\t<\/a>\n\t\t\t\t\t\t\t<a class=\"e-gallery-item elementor-gallery-item elementor-animated-content\" href=\"https:\/\/etpconsult.dk\/wp-content\/uploads\/2025\/01\/ELCON-logo.jpg\" data-elementor-open-lightbox=\"yes\" data-elementor-lightbox-slideshow=\"0f2660f\" data-e-action-hash=\"#elementor-action%3Aaction%3Dlightbox%26settings%3DeyJpZCI6OTU1MSwidXJsIjoiaHR0cHM6XC9cL2V0cGNvbnN1bHQuZGtcL3dwLWNvbnRlbnRcL3VwbG9hZHNcLzIwMjVcLzAxXC9FTENPTi1sb2dvLmpwZyIsInNsaWRlc2hvdyI6IjBmMjY2MGYifQ%3D%3D\" data-rel=\"-image-15\" data-rl_title=\"\" data-rl_caption=\"\" title=\"\">\n\t\t\t\t\t<div class=\"e-gallery-image elementor-gallery-item__image\" data-thumbnail=\"https:\/\/etpconsult.dk\/wp-content\/uploads\/2025\/01\/ELCON-logo.jpg\" data-width=\"237\" data-height=\"80\" aria-label=\"\" role=\"img\" ><\/div>\n\t\t\t\t\t\t\t\t\t\t\t\t\t\t<\/a>\n\t\t\t\t\t\t\t<a class=\"e-gallery-item elementor-gallery-item elementor-animated-content\" href=\"https:\/\/etpconsult.dk\/wp-content\/uploads\/2025\/01\/El-Net-logo-1.jpg\" data-elementor-open-lightbox=\"yes\" data-elementor-lightbox-slideshow=\"0f2660f\" data-e-action-hash=\"#elementor-action%3Aaction%3Dlightbox%26settings%3DeyJpZCI6OTU1MiwidXJsIjoiaHR0cHM6XC9cL2V0cGNvbnN1bHQuZGtcL3dwLWNvbnRlbnRcL3VwbG9hZHNcLzIwMjVcLzAxXC9FbC1OZXQtbG9nby0xLmpwZyIsInNsaWRlc2hvdyI6IjBmMjY2MGYifQ%3D%3D\" data-rel=\"-image-16\" data-rl_title=\"\" data-rl_caption=\"\" title=\"\">\n\t\t\t\t\t<div class=\"e-gallery-image elementor-gallery-item__image\" data-thumbnail=\"https:\/\/etpconsult.dk\/wp-content\/uploads\/2025\/01\/El-Net-logo-1.jpg\" data-width=\"160\" data-height=\"50\" aria-label=\"\" role=\"img\" ><\/div>\n\t\t\t\t\t\t\t\t\t\t\t\t\t\t<\/a>\n\t\t\t\t\t<\/div>\n\t\t\t\t\t<\/div>\n\t\t\t\t<\/div>\n\t\t\t\t\t<\/div>\n\t\t\t\t<\/div>\n\t\t\t\t<\/div>\n\t\t","protected":false},"excerpt":{"rendered":"","protected":false},"author":1,"featured_media":0,"parent":0,"menu_order":0,"comment_status":"closed","ping_status":"closed","template":"","meta":{"_acf_changed":false,"footnotes":""},"categories":[],"class_list":["post-9609","page","type-page","status-publish"],"acf":[],"yoast_head":"<!-- This site is optimized with the Yoast SEO plugin v26.8 - https:\/\/yoast.com\/product\/yoast-seo-wordpress\/ -->\n<title>References | ETP CONSULT A\/S<\/title>\n<meta name=\"robots\" content=\"index, follow, max-snippet:-1, max-image-preview:large, max-video-preview:-1\" \/>\n<link rel=\"canonical\" href=\"https:\/\/etpconsult.dk\/en\/references\/\" \/>\n<meta property=\"og:locale\" content=\"en_US\" \/>\n<meta property=\"og:type\" content=\"article\" \/>\n<meta property=\"og:title\" content=\"References | ETP CONSULT A\/S\" \/>\n<meta property=\"og:url\" content=\"https:\/\/etpconsult.dk\/en\/references\/\" \/>\n<meta property=\"og:site_name\" content=\"ETP CONSULT A\/S\" \/>\n<meta property=\"article:modified_time\" content=\"2025-10-06T09:05:32+00:00\" \/>\n<meta name=\"twitter:card\" content=\"summary_large_image\" \/>\n<script type=\"application\/ld+json\" class=\"yoast-schema-graph\">{\"@context\":\"https:\/\/schema.org\",\"@graph\":[{\"@type\":\"WebPage\",\"@id\":\"https:\/\/etpconsult.dk\/en\/references\/\",\"url\":\"https:\/\/etpconsult.dk\/en\/references\/\",\"name\":\"References | ETP CONSULT A\/S\",\"isPartOf\":{\"@id\":\"https:\/\/etpconsult.dk\/#website\"},\"datePublished\":\"2023-04-21T05:44:05+00:00\",\"dateModified\":\"2025-10-06T09:05:32+00:00\",\"breadcrumb\":{\"@id\":\"https:\/\/etpconsult.dk\/en\/references\/#breadcrumb\"},\"inLanguage\":\"en-US\",\"potentialAction\":[{\"@type\":\"ReadAction\",\"target\":[\"https:\/\/etpconsult.dk\/en\/references\/\"]}]},{\"@type\":\"BreadcrumbList\",\"@id\":\"https:\/\/etpconsult.dk\/en\/references\/#breadcrumb\",\"itemListElement\":[{\"@type\":\"ListItem\",\"position\":1,\"name\":\"Forside\",\"item\":\"https:\/\/etpconsult.dk\/\"},{\"@type\":\"ListItem\",\"position\":2,\"name\":\"References\"}]},{\"@type\":\"WebSite\",\"@id\":\"https:\/\/etpconsult.dk\/#website\",\"url\":\"https:\/\/etpconsult.dk\/\",\"name\":\"ETP CONSULT A\/S\",\"description\":\"Energianl\u00e6g, st\u00e6rkstr\u00f8m og h\u00f8jsp\u00e6ndingsanl\u00e6g \u2013 Professionelle el ingeni\u00f8rer til koblingsanl\u00e6g\",\"publisher\":{\"@id\":\"https:\/\/etpconsult.dk\/#organization\"},\"potentialAction\":[{\"@type\":\"SearchAction\",\"target\":{\"@type\":\"EntryPoint\",\"urlTemplate\":\"https:\/\/etpconsult.dk\/?s={search_term_string}\"},\"query-input\":{\"@type\":\"PropertyValueSpecification\",\"valueRequired\":true,\"valueName\":\"search_term_string\"}}],\"inLanguage\":\"en-US\"},{\"@type\":\"Organization\",\"@id\":\"https:\/\/etpconsult.dk\/#organization\",\"name\":\"ETP CONSULT A\/S\",\"url\":\"https:\/\/etpconsult.dk\/\",\"logo\":{\"@type\":\"ImageObject\",\"inLanguage\":\"en-US\",\"@id\":\"https:\/\/etpconsult.dk\/#\/schema\/logo\/image\/\",\"url\":\"https:\/\/etpconsult.dk\/wp-content\/uploads\/2025\/01\/logo-hvid.png\",\"contentUrl\":\"https:\/\/etpconsult.dk\/wp-content\/uploads\/2025\/01\/logo-hvid.png\",\"width\":300,\"height\":191,\"caption\":\"ETP CONSULT A\/S\"},\"image\":{\"@id\":\"https:\/\/etpconsult.dk\/#\/schema\/logo\/image\/\"}}]}<\/script>\n<!-- \/ Yoast SEO plugin. -->","yoast_head_json":{"title":"References | ETP CONSULT A\/S","robots":{"index":"index","follow":"follow","max-snippet":"max-snippet:-1","max-image-preview":"max-image-preview:large","max-video-preview":"max-video-preview:-1"},"canonical":"https:\/\/etpconsult.dk\/en\/references\/","og_locale":"en_US","og_type":"article","og_title":"References | ETP CONSULT A\/S","og_url":"https:\/\/etpconsult.dk\/en\/references\/","og_site_name":"ETP CONSULT A\/S","article_modified_time":"2025-10-06T09:05:32+00:00","twitter_card":"summary_large_image","schema":{"@context":"https:\/\/schema.org","@graph":[{"@type":"WebPage","@id":"https:\/\/etpconsult.dk\/en\/references\/","url":"https:\/\/etpconsult.dk\/en\/references\/","name":"References | ETP CONSULT A\/S","isPartOf":{"@id":"https:\/\/etpconsult.dk\/#website"},"datePublished":"2023-04-21T05:44:05+00:00","dateModified":"2025-10-06T09:05:32+00:00","breadcrumb":{"@id":"https:\/\/etpconsult.dk\/en\/references\/#breadcrumb"},"inLanguage":"en-US","potentialAction":[{"@type":"ReadAction","target":["https:\/\/etpconsult.dk\/en\/references\/"]}]},{"@type":"BreadcrumbList","@id":"https:\/\/etpconsult.dk\/en\/references\/#breadcrumb","itemListElement":[{"@type":"ListItem","position":1,"name":"Forside","item":"https:\/\/etpconsult.dk\/"},{"@type":"ListItem","position":2,"name":"References"}]},{"@type":"WebSite","@id":"https:\/\/etpconsult.dk\/#website","url":"https:\/\/etpconsult.dk\/","name":"ETP CONSULT A\/S","description":"Energianl\u00e6g, st\u00e6rkstr\u00f8m og h\u00f8jsp\u00e6ndingsanl\u00e6g \u2013 Professionelle el ingeni\u00f8rer til koblingsanl\u00e6g","publisher":{"@id":"https:\/\/etpconsult.dk\/#organization"},"potentialAction":[{"@type":"SearchAction","target":{"@type":"EntryPoint","urlTemplate":"https:\/\/etpconsult.dk\/?s={search_term_string}"},"query-input":{"@type":"PropertyValueSpecification","valueRequired":true,"valueName":"search_term_string"}}],"inLanguage":"en-US"},{"@type":"Organization","@id":"https:\/\/etpconsult.dk\/#organization","name":"ETP CONSULT A\/S","url":"https:\/\/etpconsult.dk\/","logo":{"@type":"ImageObject","inLanguage":"en-US","@id":"https:\/\/etpconsult.dk\/#\/schema\/logo\/image\/","url":"https:\/\/etpconsult.dk\/wp-content\/uploads\/2025\/01\/logo-hvid.png","contentUrl":"https:\/\/etpconsult.dk\/wp-content\/uploads\/2025\/01\/logo-hvid.png","width":300,"height":191,"caption":"ETP CONSULT A\/S"},"image":{"@id":"https:\/\/etpconsult.dk\/#\/schema\/logo\/image\/"}}]}},"_links":{"self":[{"href":"https:\/\/etpconsult.dk\/en\/wp-json\/wp\/v2\/pages\/9609","targetHints":{"allow":["GET"]}}],"collection":[{"href":"https:\/\/etpconsult.dk\/en\/wp-json\/wp\/v2\/pages"}],"about":[{"href":"https:\/\/etpconsult.dk\/en\/wp-json\/wp\/v2\/types\/page"}],"author":[{"embeddable":true,"href":"https:\/\/etpconsult.dk\/en\/wp-json\/wp\/v2\/users\/1"}],"replies":[{"embeddable":true,"href":"https:\/\/etpconsult.dk\/en\/wp-json\/wp\/v2\/comments?post=9609"}],"version-history":[{"count":1,"href":"https:\/\/etpconsult.dk\/en\/wp-json\/wp\/v2\/pages\/9609\/revisions"}],"predecessor-version":[{"id":9610,"href":"https:\/\/etpconsult.dk\/en\/wp-json\/wp\/v2\/pages\/9609\/revisions\/9610"}],"wp:attachment":[{"href":"https:\/\/etpconsult.dk\/en\/wp-json\/wp\/v2\/media?parent=9609"}],"wp:term":[{"taxonomy":"category","embeddable":true,"href":"https:\/\/etpconsult.dk\/en\/wp-json\/wp\/v2\/categories?post=9609"}],"curies":[{"name":"wp","href":"https:\/\/api.w.org\/{rel}","templated":true}]}}