{"id":9607,"date":"2025-01-27T07:34:54","date_gmt":"2025-01-27T06:34:54","guid":{"rendered":"https:\/\/etpconsult.dk\/about-us\/"},"modified":"2025-10-06T11:05:14","modified_gmt":"2025-10-06T09:05:14","slug":"about-us","status":"publish","type":"page","link":"https:\/\/etpconsult.dk\/en\/about-us\/","title":{"rendered":"About us"},"content":{"rendered":"\t\t<div data-elementor-type=\"wp-page\" data-elementor-id=\"9607\" class=\"elementor elementor-9607 elementor-9398\" data-elementor-post-type=\"page\">\n\t\t\t\t<div class=\"elementor-element elementor-element-14d957dc e-con-full no-padding e-flex e-con e-parent\" data-id=\"14d957dc\" data-element_type=\"container\" data-e-type=\"container\">\n\t\t\t\t<div class=\"elementor-element elementor-element-45493071 elementor-widget elementor-widget-template\" data-id=\"45493071\" data-element_type=\"widget\" data-e-type=\"widget\" data-widget_type=\"template.default\">\n\t\t\t\t<div class=\"elementor-widget-container\">\n\t\t\t\t\t\t\t<div class=\"elementor-template\">\n\t\t\t\t\t<div data-elementor-type=\"container\" data-elementor-id=\"6563\" class=\"elementor elementor-6563\" data-elementor-post-type=\"elementor_library\">\n\t\t\t\t<div class=\"elementor-element elementor-element-6b499f1f e-con-full no-padding e-flex e-con e-parent\" data-id=\"6b499f1f\" data-element_type=\"container\" data-e-type=\"container\">\n\t\t\t\t<div class=\"elementor-element elementor-element-1ecbb66 elementor-widget elementor-widget-template\" data-id=\"1ecbb66\" data-element_type=\"widget\" data-e-type=\"widget\" data-widget_type=\"template.default\">\n\t\t\t\t<div class=\"elementor-widget-container\">\n\t\t\t\t\t\t\t<div class=\"elementor-template\">\n\t\t\t\t\t<div data-elementor-type=\"container\" data-elementor-id=\"6584\" class=\"elementor elementor-6584\" data-elementor-post-type=\"elementor_library\">\n\t\t\t\t<div class=\"elementor-element elementor-element-4c2747cd e-con-full no-padding light e-flex e-con e-parent\" data-id=\"4c2747cd\" data-element_type=\"container\" data-e-type=\"container\">\n\t\t<div class=\"elementor-element elementor-element-d50aaae e-con-full contained left e-flex e-con e-child\" data-id=\"d50aaae\" data-element_type=\"container\" data-e-type=\"container\">\n\t\t\t\t<div class=\"elementor-element elementor-element-a2b7b87 elementor-icon-list--layout-inline elementor-align-start elementor-list-item-link-full_width elementor-widget elementor-widget-icon-list\" data-id=\"a2b7b87\" data-element_type=\"widget\" data-e-type=\"widget\" data-widget_type=\"icon-list.default\">\n\t\t\t\t<div class=\"elementor-widget-container\">\n\t\t\t\t\t\t\t<ul class=\"elementor-icon-list-items elementor-inline-items\">\n\t\t\t\t\t\t\t<li class=\"elementor-icon-list-item elementor-inline-item\">\n\t\t\t\t\t\t\t\t\t\t<span class=\"elementor-icon-list-text\"><a href=\"tel:+45 51 30 62 22\" aria-label=\"Telefon nummer\">+45 51 30 62 22<\/a><\/span>\n\t\t\t\t\t\t\t\t\t<\/li>\n\t\t\t\t\t\t\t\t<li class=\"elementor-icon-list-item elementor-inline-item\">\n\t\t\t\t\t\t\t\t\t\t<span class=\"elementor-icon-list-text\"><a href=\"mailto:plg@etpconsult.dk\" aria-label=\"Email adresse\">plg@etpconsult.dk<\/a><\/span>\n\t\t\t\t\t\t\t\t\t<\/li>\n\t\t\t\t\t\t<\/ul>\n\t\t\t\t\t\t<\/div>\n\t\t\t\t<\/div>\n\t\t\t\t<\/div>\n\t\t<div class=\"elementor-element elementor-element-2086bd54 e-con-full elementor-hidden-mobile e-flex e-con e-child\" data-id=\"2086bd54\" data-element_type=\"container\" data-e-type=\"container\" data-settings=\"{&quot;background_background&quot;:&quot;classic&quot;}\">\n\t\t\t\t<\/div>\n\t\t\t\t<\/div>\n\t\t\t\t<\/div>\n\t\t\t\t<\/div>\n\t\t\t\t\t\t<\/div>\n\t\t\t\t<\/div>\n\t\t\t\t<\/div>\n\t\t\t\t<\/div>\n\t\t\t\t<\/div>\n\t\t\t\t\t\t<\/div>\n\t\t\t\t<\/div>\n\t\t\t\t<\/div>\n\t\t<div class=\"elementor-element elementor-element-27213821 e-flex e-con-boxed e-con e-parent\" data-id=\"27213821\" data-element_type=\"container\" data-e-type=\"container\">\n\t\t\t\t\t<div class=\"e-con-inner\">\n\t\t<div class=\"elementor-element elementor-element-39bc4145 e-con-full e-flex e-con e-child\" data-id=\"39bc4145\" data-element_type=\"container\" data-e-type=\"container\">\n\t\t\t\t<div class=\"elementor-element elementor-element-56299b73 elementor-widget elementor-widget-text-editor\" data-id=\"56299b73\" data-element_type=\"widget\" data-e-type=\"widget\" data-widget_type=\"text-editor.default\">\n\t\t\t\t<div class=\"elementor-widget-container\">\n\t\t\t\t\t\t\t\t\t<h2>History of our products<\/h2>\n<p>ETP Consult was founded in 2005. The company specializes in the electrical engineering field. ETP Consult is headquartered in Denmark and has offices in the Faroe Islands and Greenland.<\/p>\n<h3>Competencies<\/h3>\n<p>Impartial electrical technical advice where the customer is always at the center. This is the principle on which ETP Consult works.<\/p>\n<p>ETP has many years of experience in designing power supply systems and developing transmission and distribution networks at high, medium and low voltage levels.<\/p>\n<p>ETP Consult has experience in programming protective relays and collecting key data via RTU and graphical representation in SCADA, which provides user-friendly operation and maintenance of switching stations.<\/p>\n<p>ETP has extensive experience in designing public buildings such as campuses, schools, apartment buildings, retirement homes, shopping centers, hospitals, etc.<\/p>\n<h3>Experience<\/h3>\n<p>ETP Consult provides electrical technical consulting and project planning etc. to electrical utilities, the public sector, working together with other consultants.<\/p>\n<p>ETP Consult has experience with feasibility studies, sketch projects, project planning as well as supervision and project management in the execution of major projects.<\/p>\n<p>Our experience base has been built up over many years of working in the power supply industry. ETP Consult&#8217;s customers range from private engineering companies, hospitals, institutions, housing associations, retail chains, utilities and public authorities.<\/p>\n<p>ETP Consult A\/S has &#8220;liability insurance for business&#8221; with Tryg Forsikring A\/S.<\/p>\n\t\t\t\t\t\t\t\t<\/div>\n\t\t\t\t<\/div>\n\t\t\t\t<\/div>\n\t\t<div class=\"elementor-element elementor-element-335f6ccd e-con-full e-flex e-con e-child\" data-id=\"335f6ccd\" data-element_type=\"container\" data-e-type=\"container\">\n\t\t\t\t<div class=\"elementor-element elementor-element-3f7d414b dark elementor-widget elementor-widget-sidebar\" data-id=\"3f7d414b\" data-element_type=\"widget\" data-e-type=\"widget\" data-widget_type=\"sidebar.default\">\n\t\t\t\t<div class=\"elementor-widget-container\">\n\t\t\t\t\t<aside id=\"text-12\" class=\"widget-odd widget-first widget-1 widget inner-padding widget_text\"><h2 class=\"widget-title\">Do you want to hear more?<\/h2>\t\t\t<div class=\"textwidget\"><p>Fill out the form and we will contact you as soon as possible.<\/p>\n<\/div>\n\t\t<\/aside><aside id=\"forminator_widget-2\" class=\"widget-odd widget-3 widget inner-padding widget_forminator_widget\"><form id=\"forminator-module-199\" class=\"forminator-custom-form forminator-custom-form-199\" method=\"post\" data-forminator-render=\"0\" data-uid=\"69f8b9b68410e\"><div role=\"alert\" aria-live=\"polite\" class=\"forminator-response-message forminator-error\" aria-hidden=\"true\"><\/div><\/form><\/aside><aside id=\"forminator_widget-3\" class=\"widget-even widget-last widget-4 widget inner-padding widget_forminator_widget\"><form id=\"forminator-module-9656\" class=\"forminator-custom-form forminator-custom-form-9656\" method=\"post\" data-forminator-render=\"0\" data-uid=\"69f8b9b68539e\"><div role=\"alert\" aria-live=\"polite\" class=\"forminator-response-message forminator-error\" aria-hidden=\"true\"><\/div><\/form><\/aside>\t\t\t\t<\/div>\n\t\t\t\t<\/div>\n\t\t\t\t<\/div>\n\t\t\t\t\t<\/div>\n\t\t\t\t<\/div>\n\t\t\t\t<\/div>\n\t\t","protected":false},"excerpt":{"rendered":"<p>History of our products ETP Consult was founded in 2005. The company specializes in the electrical engineering field. ETP Consult is headquartered in Denmark and has offices in the Faroe Islands and Greenland. Competencies Impartial electrical technical advice where the customer is always at the center. This is the principle on which ETP Consult works. &#8230; <a title=\"About us\" class=\"read-more\" href=\"https:\/\/etpconsult.dk\/en\/about-us\/\" aria-label=\"Read more about About us\">Read more<\/a><\/p>\n","protected":false},"author":5,"featured_media":0,"parent":0,"menu_order":0,"comment_status":"closed","ping_status":"closed","template":"","meta":{"_acf_changed":false,"footnotes":""},"categories":[],"class_list":["post-9607","page","type-page","status-publish"],"acf":[],"yoast_head":"<!-- This site is optimized with the Yoast SEO plugin v26.8 - https:\/\/yoast.com\/product\/yoast-seo-wordpress\/ -->\n<title>About us | ETP CONSULT A\/S<\/title>\n<meta name=\"robots\" content=\"index, follow, max-snippet:-1, max-image-preview:large, max-video-preview:-1\" \/>\n<link rel=\"canonical\" href=\"https:\/\/etpconsult.dk\/en\/about-us\/\" \/>\n<meta property=\"og:locale\" content=\"en_US\" \/>\n<meta property=\"og:type\" content=\"article\" \/>\n<meta property=\"og:title\" content=\"About us | ETP CONSULT A\/S\" \/>\n<meta property=\"og:description\" content=\"History of our products ETP Consult was founded in 2005. The company specializes in the electrical engineering field. ETP Consult is headquartered in Denmark and has offices in the Faroe Islands and Greenland. Competencies Impartial electrical technical advice where the customer is always at the center. This is the principle on which ETP Consult works. ... Read more\" \/>\n<meta property=\"og:url\" content=\"https:\/\/etpconsult.dk\/en\/about-us\/\" \/>\n<meta property=\"og:site_name\" content=\"ETP CONSULT A\/S\" \/>\n<meta property=\"article:modified_time\" content=\"2025-10-06T09:05:14+00:00\" \/>\n<meta name=\"twitter:card\" content=\"summary_large_image\" \/>\n<meta name=\"twitter:label1\" content=\"Est. reading time\" \/>\n\t<meta name=\"twitter:data1\" content=\"1 minute\" \/>\n<script type=\"application\/ld+json\" class=\"yoast-schema-graph\">{\"@context\":\"https:\/\/schema.org\",\"@graph\":[{\"@type\":\"WebPage\",\"@id\":\"https:\/\/etpconsult.dk\/en\/about-us\/\",\"url\":\"https:\/\/etpconsult.dk\/en\/about-us\/\",\"name\":\"About us | ETP CONSULT A\/S\",\"isPartOf\":{\"@id\":\"https:\/\/etpconsult.dk\/#website\"},\"datePublished\":\"2025-01-27T06:34:54+00:00\",\"dateModified\":\"2025-10-06T09:05:14+00:00\",\"breadcrumb\":{\"@id\":\"https:\/\/etpconsult.dk\/en\/about-us\/#breadcrumb\"},\"inLanguage\":\"en-US\",\"potentialAction\":[{\"@type\":\"ReadAction\",\"target\":[\"https:\/\/etpconsult.dk\/en\/about-us\/\"]}]},{\"@type\":\"BreadcrumbList\",\"@id\":\"https:\/\/etpconsult.dk\/en\/about-us\/#breadcrumb\",\"itemListElement\":[{\"@type\":\"ListItem\",\"position\":1,\"name\":\"Forside\",\"item\":\"https:\/\/etpconsult.dk\/\"},{\"@type\":\"ListItem\",\"position\":2,\"name\":\"About us\"}]},{\"@type\":\"WebSite\",\"@id\":\"https:\/\/etpconsult.dk\/#website\",\"url\":\"https:\/\/etpconsult.dk\/\",\"name\":\"ETP CONSULT A\/S\",\"description\":\"Energianl\u00e6g, st\u00e6rkstr\u00f8m og h\u00f8jsp\u00e6ndingsanl\u00e6g \u2013 Professionelle el ingeni\u00f8rer til koblingsanl\u00e6g\",\"publisher\":{\"@id\":\"https:\/\/etpconsult.dk\/#organization\"},\"potentialAction\":[{\"@type\":\"SearchAction\",\"target\":{\"@type\":\"EntryPoint\",\"urlTemplate\":\"https:\/\/etpconsult.dk\/?s={search_term_string}\"},\"query-input\":{\"@type\":\"PropertyValueSpecification\",\"valueRequired\":true,\"valueName\":\"search_term_string\"}}],\"inLanguage\":\"en-US\"},{\"@type\":\"Organization\",\"@id\":\"https:\/\/etpconsult.dk\/#organization\",\"name\":\"ETP CONSULT A\/S\",\"url\":\"https:\/\/etpconsult.dk\/\",\"logo\":{\"@type\":\"ImageObject\",\"inLanguage\":\"en-US\",\"@id\":\"https:\/\/etpconsult.dk\/#\/schema\/logo\/image\/\",\"url\":\"https:\/\/etpconsult.dk\/wp-content\/uploads\/2025\/01\/logo-hvid.png\",\"contentUrl\":\"https:\/\/etpconsult.dk\/wp-content\/uploads\/2025\/01\/logo-hvid.png\",\"width\":300,\"height\":191,\"caption\":\"ETP CONSULT A\/S\"},\"image\":{\"@id\":\"https:\/\/etpconsult.dk\/#\/schema\/logo\/image\/\"}}]}<\/script>\n<!-- \/ Yoast SEO plugin. -->","yoast_head_json":{"title":"About us | ETP CONSULT A\/S","robots":{"index":"index","follow":"follow","max-snippet":"max-snippet:-1","max-image-preview":"max-image-preview:large","max-video-preview":"max-video-preview:-1"},"canonical":"https:\/\/etpconsult.dk\/en\/about-us\/","og_locale":"en_US","og_type":"article","og_title":"About us | ETP CONSULT A\/S","og_description":"History of our products ETP Consult was founded in 2005. The company specializes in the electrical engineering field. ETP Consult is headquartered in Denmark and has offices in the Faroe Islands and Greenland. Competencies Impartial electrical technical advice where the customer is always at the center. This is the principle on which ETP Consult works. ... Read more","og_url":"https:\/\/etpconsult.dk\/en\/about-us\/","og_site_name":"ETP CONSULT A\/S","article_modified_time":"2025-10-06T09:05:14+00:00","twitter_card":"summary_large_image","twitter_misc":{"Est. reading time":"1 minute"},"schema":{"@context":"https:\/\/schema.org","@graph":[{"@type":"WebPage","@id":"https:\/\/etpconsult.dk\/en\/about-us\/","url":"https:\/\/etpconsult.dk\/en\/about-us\/","name":"About us | ETP CONSULT A\/S","isPartOf":{"@id":"https:\/\/etpconsult.dk\/#website"},"datePublished":"2025-01-27T06:34:54+00:00","dateModified":"2025-10-06T09:05:14+00:00","breadcrumb":{"@id":"https:\/\/etpconsult.dk\/en\/about-us\/#breadcrumb"},"inLanguage":"en-US","potentialAction":[{"@type":"ReadAction","target":["https:\/\/etpconsult.dk\/en\/about-us\/"]}]},{"@type":"BreadcrumbList","@id":"https:\/\/etpconsult.dk\/en\/about-us\/#breadcrumb","itemListElement":[{"@type":"ListItem","position":1,"name":"Forside","item":"https:\/\/etpconsult.dk\/"},{"@type":"ListItem","position":2,"name":"About us"}]},{"@type":"WebSite","@id":"https:\/\/etpconsult.dk\/#website","url":"https:\/\/etpconsult.dk\/","name":"ETP CONSULT A\/S","description":"Energianl\u00e6g, st\u00e6rkstr\u00f8m og h\u00f8jsp\u00e6ndingsanl\u00e6g \u2013 Professionelle el ingeni\u00f8rer til koblingsanl\u00e6g","publisher":{"@id":"https:\/\/etpconsult.dk\/#organization"},"potentialAction":[{"@type":"SearchAction","target":{"@type":"EntryPoint","urlTemplate":"https:\/\/etpconsult.dk\/?s={search_term_string}"},"query-input":{"@type":"PropertyValueSpecification","valueRequired":true,"valueName":"search_term_string"}}],"inLanguage":"en-US"},{"@type":"Organization","@id":"https:\/\/etpconsult.dk\/#organization","name":"ETP CONSULT A\/S","url":"https:\/\/etpconsult.dk\/","logo":{"@type":"ImageObject","inLanguage":"en-US","@id":"https:\/\/etpconsult.dk\/#\/schema\/logo\/image\/","url":"https:\/\/etpconsult.dk\/wp-content\/uploads\/2025\/01\/logo-hvid.png","contentUrl":"https:\/\/etpconsult.dk\/wp-content\/uploads\/2025\/01\/logo-hvid.png","width":300,"height":191,"caption":"ETP CONSULT A\/S"},"image":{"@id":"https:\/\/etpconsult.dk\/#\/schema\/logo\/image\/"}}]}},"_links":{"self":[{"href":"https:\/\/etpconsult.dk\/en\/wp-json\/wp\/v2\/pages\/9607","targetHints":{"allow":["GET"]}}],"collection":[{"href":"https:\/\/etpconsult.dk\/en\/wp-json\/wp\/v2\/pages"}],"about":[{"href":"https:\/\/etpconsult.dk\/en\/wp-json\/wp\/v2\/types\/page"}],"author":[{"embeddable":true,"href":"https:\/\/etpconsult.dk\/en\/wp-json\/wp\/v2\/users\/5"}],"replies":[{"embeddable":true,"href":"https:\/\/etpconsult.dk\/en\/wp-json\/wp\/v2\/comments?post=9607"}],"version-history":[{"count":1,"href":"https:\/\/etpconsult.dk\/en\/wp-json\/wp\/v2\/pages\/9607\/revisions"}],"predecessor-version":[{"id":9608,"href":"https:\/\/etpconsult.dk\/en\/wp-json\/wp\/v2\/pages\/9607\/revisions\/9608"}],"wp:attachment":[{"href":"https:\/\/etpconsult.dk\/en\/wp-json\/wp\/v2\/media?parent=9607"}],"wp:term":[{"taxonomy":"category","embeddable":true,"href":"https:\/\/etpconsult.dk\/en\/wp-json\/wp\/v2\/categories?post=9607"}],"curies":[{"name":"wp","href":"https:\/\/api.w.org\/{rel}","templated":true}]}}