{"id":9597,"date":"2020-02-12T08:51:30","date_gmt":"2020-02-12T07:51:30","guid":{"rendered":"https:\/\/etpconsult.dk\/home-page\/"},"modified":"2025-10-07T08:39:45","modified_gmt":"2025-10-07T06:39:45","slug":"home-page","status":"publish","type":"page","link":"https:\/\/etpconsult.dk\/en\/","title":{"rendered":"Home page"},"content":{"rendered":"\t\t<div data-elementor-type=\"wp-page\" data-elementor-id=\"9597\" class=\"elementor elementor-9597 elementor-15\" data-elementor-post-type=\"page\">\n\t\t\t\t<div class=\"elementor-element elementor-element-5ca41e02 hero white elementor-hidden-desktop elementor-hidden-laptop elementor-hidden-tablet e-flex e-con-boxed e-con e-parent\" data-id=\"5ca41e02\" data-element_type=\"container\" data-e-type=\"container\" data-settings=\"{&quot;background_background&quot;:&quot;classic&quot;}\">\n\t\t\t\t\t<div class=\"e-con-inner\">\n\t\t\t\t<div class=\"elementor-element elementor-element-4794fb18 elementor-widget-mobile__width-inherit elementor-widget elementor-widget-heading\" data-id=\"4794fb18\" data-element_type=\"widget\" data-e-type=\"widget\" data-widget_type=\"heading.default\">\n\t\t\t\t<div class=\"elementor-widget-container\">\n\t\t\t\t\t<h1 class=\"elementor-heading-title elementor-size-default\">Energianl\u00e6g, st\u00e6rkstr\u00f8m og h\u00f8jsp\u00e6ndingsanl\u00e6g \u2013 Professionelle el ingeni\u00f8rer til koblingsanl\u00e6g<\/h1>\t\t\t\t<\/div>\n\t\t\t\t<\/div>\n\t\t\t\t<div class=\"elementor-element elementor-element-26582ee yo-yo elementor-view-default elementor-widget elementor-widget-icon\" data-id=\"26582ee\" data-element_type=\"widget\" data-e-type=\"widget\" data-widget_type=\"icon.default\">\n\t\t\t\t<div class=\"elementor-widget-container\">\n\t\t\t\t\t\t\t<div class=\"elementor-icon-wrapper\">\n\t\t\t<a class=\"elementor-icon\" href=\"#scroll\">\n\t\t\t<i aria-hidden=\"true\" class=\"far fa-long-arrow-down\"><\/i>\t\t\t<\/a>\n\t\t<\/div>\n\t\t\t\t\t\t<\/div>\n\t\t\t\t<\/div>\n\t\t\t\t\t<\/div>\n\t\t\t\t<\/div>\n\t\t<div class=\"elementor-element elementor-element-13c7c180 hero white elementor-hidden-mobile e-flex e-con-boxed e-con e-parent\" data-id=\"13c7c180\" data-element_type=\"container\" data-e-type=\"container\" data-settings=\"{&quot;background_background&quot;:&quot;slideshow&quot;,&quot;background_slideshow_gallery&quot;:[{&quot;id&quot;:9413,&quot;url&quot;:&quot;https:\\\/\\\/etpconsult.dk\\\/wp-content\\\/uploads\\\/2025\\\/01\\\/slide2-2000x1000-1.jpg&quot;},{&quot;id&quot;:9412,&quot;url&quot;:&quot;https:\\\/\\\/etpconsult.dk\\\/wp-content\\\/uploads\\\/2025\\\/01\\\/slide1-2000x1000-1.jpg&quot;},{&quot;id&quot;:9414,&quot;url&quot;:&quot;https:\\\/\\\/etpconsult.dk\\\/wp-content\\\/uploads\\\/2025\\\/01\\\/slide3-2000x1000-1.jpg&quot;},{&quot;id&quot;:9417,&quot;url&quot;:&quot;https:\\\/\\\/etpconsult.dk\\\/wp-content\\\/uploads\\\/2025\\\/01\\\/P8200007-2000x1000-1.jpg&quot;}],&quot;background_slideshow_transition_duration&quot;:1000,&quot;background_slideshow_ken_burns&quot;:&quot;yes&quot;,&quot;background_slideshow_loop&quot;:&quot;yes&quot;,&quot;background_slideshow_slide_duration&quot;:5000,&quot;background_slideshow_slide_transition&quot;:&quot;fade&quot;,&quot;background_slideshow_ken_burns_zoom_direction&quot;:&quot;in&quot;}\">\n\t\t\t\t\t<div class=\"e-con-inner\">\n\t\t\t\t<div class=\"elementor-element elementor-element-15e030e elementor-widget__width-inherit elementor-invisible elementor-widget elementor-widget-heading\" data-id=\"15e030e\" data-element_type=\"widget\" data-e-type=\"widget\" data-settings=\"{&quot;_animation&quot;:&quot;fadeIn&quot;,&quot;_animation_delay&quot;:400}\" data-widget_type=\"heading.default\">\n\t\t\t\t<div class=\"elementor-widget-container\">\n\t\t\t\t\t<h1 class=\"elementor-heading-title elementor-size-default\">Energy plants, high current and high voltage plants \u2013 Professional electrical engineers for switchgear<\/h1>\t\t\t\t<\/div>\n\t\t\t\t<\/div>\n\t\t\t\t<div class=\"elementor-element elementor-element-f270b38 yo-yo elementor-view-default elementor-widget elementor-widget-icon\" data-id=\"f270b38\" data-element_type=\"widget\" data-e-type=\"widget\" data-widget_type=\"icon.default\">\n\t\t\t\t<div class=\"elementor-widget-container\">\n\t\t\t\t\t\t\t<div class=\"elementor-icon-wrapper\">\n\t\t\t<a class=\"elementor-icon\" href=\"#scroll\">\n\t\t\t<i aria-hidden=\"true\" class=\"far fa-long-arrow-down\"><\/i>\t\t\t<\/a>\n\t\t<\/div>\n\t\t\t\t\t\t<\/div>\n\t\t\t\t<\/div>\n\t\t\t\t\t<\/div>\n\t\t\t\t<\/div>\n\t\t<div class=\"elementor-element elementor-element-43e7e868 e-flex e-con-boxed e-con e-parent\" data-id=\"43e7e868\" data-element_type=\"container\" data-e-type=\"container\" id=\"scroll\">\n\t\t\t\t\t<div class=\"e-con-inner\">\n\t\t<div class=\"elementor-element elementor-element-4919026 e-con-full e-flex e-con e-child\" data-id=\"4919026\" data-element_type=\"container\" data-e-type=\"container\">\n\t\t<div class=\"elementor-element elementor-element-b3dbc82 e-con-full e-flex e-con e-child\" data-id=\"b3dbc82\" data-element_type=\"container\" data-e-type=\"container\" data-settings=\"{&quot;background_background&quot;:&quot;classic&quot;}\">\n\t\t\t\t<\/div>\n\t\t\t\t<\/div>\n\t\t<div class=\"elementor-element elementor-element-2537a575 e-con-full e-flex e-con e-child\" data-id=\"2537a575\" data-element_type=\"container\" data-e-type=\"container\">\n\t\t\t\t<div class=\"elementor-element elementor-element-630735ea elementor-widget elementor-widget-text-editor\" data-id=\"630735ea\" data-element_type=\"widget\" data-e-type=\"widget\" data-widget_type=\"text-editor.default\">\n\t\t\t\t<div class=\"elementor-widget-container\">\n\t\t\t\t\t\t\t\t\t<h2>History:<\/h2>\n<p>ETP Consult was founded in 2005. The company specializes in the electrical engineering field. ETP Consult is headquartered in Denmark and has offices in the Faroe Islands and Greenland.<\/p>\n<h3>Competencies:<\/h3>\n<p>Impartial electrical technical advice where the customer is always at the center. This is the principle on which ETP Consult works.<br \/>ETP has many years of experience in designing power supply systems and expanding transmission and distribution networks at high, medium and low voltage levels.<br \/>ETP Consult has experience in programming protective relays and collecting key data via RTU and graphical representation in SCADA, which provides user-friendly operation and maintenance of switching stations.<br \/>ETP has extensive experience in designing public buildings, such as campuses, schools, apartment buildings, retirement homes, shopping centers, hospitals, etc.<\/p>\n\t\t\t\t\t\t\t\t<\/div>\n\t\t\t\t<\/div>\n\t\t\t\t<div class=\"elementor-element elementor-element-182f805d elementor-align-left elementor-widget elementor-widget-button\" data-id=\"182f805d\" data-element_type=\"widget\" data-e-type=\"widget\" data-widget_type=\"button.default\">\n\t\t\t\t<div class=\"elementor-widget-container\">\n\t\t\t\t\t\t\t\t\t<div class=\"elementor-button-wrapper\">\n\t\t\t\t\t<a class=\"elementor-button elementor-button-link elementor-size-sm\" href=\"\/en\/about-us\/\">\n\t\t\t\t\t\t<span class=\"elementor-button-content-wrapper\">\n\t\t\t\t\t\t\t\t\t<span class=\"elementor-button-text\">Read more about us<\/span>\n\t\t\t\t\t<\/span>\n\t\t\t\t\t<\/a>\n\t\t\t\t<\/div>\n\t\t\t\t\t\t\t\t<\/div>\n\t\t\t\t<\/div>\n\t\t\t\t<\/div>\n\t\t\t\t\t<\/div>\n\t\t\t\t<\/div>\n\t\t<div class=\"elementor-element elementor-element-b2bcf52 overlay white e-flex e-con-boxed e-con e-parent\" data-id=\"b2bcf52\" data-element_type=\"container\" data-e-type=\"container\" data-settings=\"{&quot;background_background&quot;:&quot;classic&quot;}\">\n\t\t\t\t\t<div class=\"e-con-inner\">\n\t\t\t\t<div class=\"elementor-element elementor-element-c0215b4 elementor-view-default elementor-widget elementor-widget-icon\" data-id=\"c0215b4\" data-element_type=\"widget\" data-e-type=\"widget\" data-widget_type=\"icon.default\">\n\t\t\t\t<div class=\"elementor-widget-container\">\n\t\t\t\t\t\t\t<div class=\"elementor-icon-wrapper\">\n\t\t\t<div class=\"elementor-icon\">\n\t\t\t<svg aria-hidden=\"true\" class=\"e-font-icon-svg e-fas-quote-left\" viewBox=\"0 0 512 512\" xmlns=\"http:\/\/www.w3.org\/2000\/svg\"><path d=\"M464 256h-80v-64c0-35.3 28.7-64 64-64h8c13.3 0 24-10.7 24-24V56c0-13.3-10.7-24-24-24h-8c-88.4 0-160 71.6-160 160v240c0 26.5 21.5 48 48 48h128c26.5 0 48-21.5 48-48V304c0-26.5-21.5-48-48-48zm-288 0H96v-64c0-35.3 28.7-64 64-64h8c13.3 0 24-10.7 24-24V56c0-13.3-10.7-24-24-24h-8C71.6 32 0 103.6 0 192v240c0 26.5 21.5 48 48 48h128c26.5 0 48-21.5 48-48V304c0-26.5-21.5-48-48-48z\"><\/path><\/svg>\t\t\t<\/div>\n\t\t<\/div>\n\t\t\t\t\t\t<\/div>\n\t\t\t\t<\/div>\n\t\t\t\t<div class=\"elementor-element elementor-element-439f75c elementor-widget elementor-widget-text-editor\" data-id=\"439f75c\" data-element_type=\"widget\" data-e-type=\"widget\" data-widget_type=\"text-editor.default\">\n\t\t\t\t<div class=\"elementor-widget-container\">\n\t\t\t\t\t\t\t\t\t<p>Consulting electrical engineers. ETP Consult makes a difference and always has the customer at the center. We guide, design and ensure that the project is completed within the project framework and budget.<\/p>\t\t\t\t\t\t\t\t<\/div>\n\t\t\t\t<\/div>\n\t\t\t\t\t<\/div>\n\t\t\t\t<\/div>\n\t\t<div class=\"elementor-element elementor-element-2558fbb9 e-flex e-con-boxed e-con e-parent\" data-id=\"2558fbb9\" data-element_type=\"container\" data-e-type=\"container\">\n\t\t\t\t\t<div class=\"e-con-inner\">\n\t\t<div class=\"elementor-element elementor-element-30fd9400 e-con-full e-flex e-con e-child\" data-id=\"30fd9400\" data-element_type=\"container\" data-e-type=\"container\">\n\t\t\t\t<div class=\"elementor-element elementor-element-572d0b7 elementor-widget__width-initial elementor-widget elementor-widget-text-editor\" data-id=\"572d0b7\" data-element_type=\"widget\" data-e-type=\"widget\" data-widget_type=\"text-editor.default\">\n\t\t\t\t<div class=\"elementor-widget-container\">\n\t\t\t\t\t\t\t\t\t<h3 style=\"text-align: center;\">What can we offer?<\/h3>\n<p style=\"text-align: center;\">Find out more about what we can do for you here.<\/p>\n\t\t\t\t\t\t\t\t<\/div>\n\t\t\t\t<\/div>\n\t\t\t\t<\/div>\n\t\t<div class=\"elementor-element elementor-element-53e44ec3 e-con-full e-flex e-con e-child\" data-id=\"53e44ec3\" data-element_type=\"container\" data-e-type=\"container\">\n\t\t\t\t<div class=\"elementor-element elementor-element-9c48f9e elementor-cta--skin-cover elementor-cta--sequenced-animation elementor-widget__width-inherit elementor-cta--valign-middle elementor-animated-content elementor-bg-transform elementor-bg-transform-zoom-in elementor-widget elementor-widget-call-to-action\" data-id=\"9c48f9e\" data-element_type=\"widget\" data-e-type=\"widget\" data-widget_type=\"call-to-action.default\">\n\t\t\t\t<div class=\"elementor-widget-container\">\n\t\t\t\t\t\t\t<a class=\"elementor-cta\" href=\"\/en\/expert\">\n\t\t\t\t\t<div class=\"elementor-cta__bg-wrapper\">\n\t\t\t\t<div class=\"elementor-cta__bg elementor-bg\" style=\"background-image: url(https:\/\/etpconsult.dk\/wp-content\/uploads\/2025\/01\/P8200007-2000x1000-1.jpg);\" role=\"img\" aria-label=\"P8200007-2000x1000\"><\/div>\n\t\t\t\t<div class=\"elementor-cta__bg-overlay\"><\/div>\n\t\t\t<\/div>\n\t\t\t\t\t\t\t<div class=\"elementor-cta__content\">\n\t\t\t\t\n\t\t\t\t\t\t\t\t\t<h3 class=\"elementor-cta__title elementor-cta__content-item elementor-content-item elementor-animated-item--grow\">\n\t\t\t\t\t\tExperts\t\t\t\t\t<\/h3>\n\t\t\t\t\n\t\t\t\t\t\t\t\t\t<span class=\"elementor-cta__description elementor-cta__content-item elementor-content-item elementor-animated-item--grow\">\n\t\t\t\t\t\t<p>Read more here<\/p>\n\t\t\t\t\t<\/span>\n\t\t\t\t\n\t\t\t\t\t\t\t<\/div>\n\t\t\t\t\t\t<\/a>\n\t\t\t\t\t\t<\/div>\n\t\t\t\t<\/div>\n\t\t\t\t<\/div>\n\t\t<div class=\"elementor-element elementor-element-1a7872b e-con-full e-flex e-con e-child\" data-id=\"1a7872b\" data-element_type=\"container\" data-e-type=\"container\">\n\t\t\t\t<div class=\"elementor-element elementor-element-4161246 elementor-cta--skin-cover elementor-cta--sequenced-animation elementor-widget__width-inherit elementor-cta--valign-middle elementor-animated-content elementor-bg-transform elementor-bg-transform-zoom-in elementor-widget elementor-widget-call-to-action\" data-id=\"4161246\" data-element_type=\"widget\" data-e-type=\"widget\" data-widget_type=\"call-to-action.default\">\n\t\t\t\t<div class=\"elementor-widget-container\">\n\t\t\t\t\t\t\t<a class=\"elementor-cta\" href=\"\/en\/references\/\">\n\t\t\t\t\t<div class=\"elementor-cta__bg-wrapper\">\n\t\t\t\t<div class=\"elementor-cta__bg elementor-bg\" style=\"background-image: url(https:\/\/etpconsult.dk\/wp-content\/uploads\/2025\/01\/220kV-GIS-10-768x510-1.jpg);\" role=\"img\" aria-label=\"220kV-GIS-10-768x510\"><\/div>\n\t\t\t\t<div class=\"elementor-cta__bg-overlay\"><\/div>\n\t\t\t<\/div>\n\t\t\t\t\t\t\t<div class=\"elementor-cta__content\">\n\t\t\t\t\n\t\t\t\t\t\t\t\t\t<h3 class=\"elementor-cta__title elementor-cta__content-item elementor-content-item elementor-animated-item--grow\">\n\t\t\t\t\t\tReferences\t\t\t\t\t<\/h3>\n\t\t\t\t\n\t\t\t\t\t\t\t\t\t<span class=\"elementor-cta__description elementor-cta__content-item elementor-content-item elementor-animated-item--grow\">\n\t\t\t\t\t\t<p>Read more here<\/p>\n\t\t\t\t\t<\/span>\n\t\t\t\t\n\t\t\t\t\t\t\t<\/div>\n\t\t\t\t\t\t<\/a>\n\t\t\t\t\t\t<\/div>\n\t\t\t\t<\/div>\n\t\t\t\t<\/div>\n\t\t<div class=\"elementor-element elementor-element-45f2175 e-con-full e-flex e-con e-child\" data-id=\"45f2175\" data-element_type=\"container\" data-e-type=\"container\">\n\t\t\t\t<div class=\"elementor-element elementor-element-59839df elementor-cta--skin-cover elementor-cta--sequenced-animation elementor-widget__width-inherit elementor-cta--valign-middle elementor-animated-content elementor-bg-transform elementor-bg-transform-zoom-in elementor-widget elementor-widget-call-to-action\" data-id=\"59839df\" data-element_type=\"widget\" data-e-type=\"widget\" data-widget_type=\"call-to-action.default\">\n\t\t\t\t<div class=\"elementor-widget-container\">\n\t\t\t\t\t\t\t<a class=\"elementor-cta\" href=\"\/en\/cases\/\">\n\t\t\t\t\t<div class=\"elementor-cta__bg-wrapper\">\n\t\t\t\t<div class=\"elementor-cta__bg elementor-bg\" style=\"background-image: url(https:\/\/etpconsult.dk\/wp-content\/uploads\/2025\/01\/slide1-2000x1000-1.jpg);\" role=\"img\" aria-label=\"slide1-2000x1000\"><\/div>\n\t\t\t\t<div class=\"elementor-cta__bg-overlay\"><\/div>\n\t\t\t<\/div>\n\t\t\t\t\t\t\t<div class=\"elementor-cta__content\">\n\t\t\t\t\n\t\t\t\t\t\t\t\t\t<h3 class=\"elementor-cta__title elementor-cta__content-item elementor-content-item elementor-animated-item--grow\">\n\t\t\t\t\t\tCases\t\t\t\t\t<\/h3>\n\t\t\t\t\n\t\t\t\t\t\t\t\t\t<span class=\"elementor-cta__description elementor-cta__content-item elementor-content-item elementor-animated-item--grow\">\n\t\t\t\t\t\t<p>Read more here<\/p>\n\t\t\t\t\t<\/span>\n\t\t\t\t\n\t\t\t\t\t\t\t<\/div>\n\t\t\t\t\t\t<\/a>\n\t\t\t\t\t\t<\/div>\n\t\t\t\t<\/div>\n\t\t\t\t<\/div>\n\t\t\t\t\t<\/div>\n\t\t\t\t<\/div>\n\t\t<div class=\"elementor-element elementor-element-5d641762 e-con-full no-padding e-flex e-con e-parent\" data-id=\"5d641762\" data-element_type=\"container\" data-e-type=\"container\">\n\t\t\t\t<div class=\"elementor-element elementor-element-14be0099 elementor-widget elementor-widget-google_maps\" data-id=\"14be0099\" data-element_type=\"widget\" data-e-type=\"widget\" data-widget_type=\"google_maps.default\">\n\t\t\t\t<div class=\"elementor-widget-container\">\n\t\t\t\t\t\t\t<div class=\"elementor-custom-embed\">\n\t\t\t<iframe loading=\"lazy\"\n\t\t\t\t\tsrc=\"https:\/\/maps.google.com\/maps?q=R%C3%B8mersvej%2019.%207430%20Ikast&#038;t=m&#038;z=10&#038;output=embed&#038;iwloc=near\"\n\t\t\t\t\ttitle=\"R\u00f8mersvej 19. 7430 Ikast\"\n\t\t\t\t\taria-label=\"R\u00f8mersvej 19. 7430 Ikast\"\n\t\t\t><\/iframe>\n\t\t<\/div>\n\t\t\t\t\t\t<\/div>\n\t\t\t\t<\/div>\n\t\t\t\t<\/div>\n\t\t\t\t<\/div>\n\t\t","protected":false},"excerpt":{"rendered":"<p>Energy plants, high current and high voltage plants \u2013 Professional electrical engineers for switchgear History: ETP Consult was founded in 2005. The company specializes in the electrical engineering field. ETP Consult is headquartered in Denmark and has offices in the Faroe Islands and Greenland. Competencies: Impartial electrical technical advice where the customer is always at &#8230; <a title=\"Home page\" class=\"read-more\" href=\"https:\/\/etpconsult.dk\/en\/\" aria-label=\"Read more about Home page\">Read more<\/a><\/p>\n","protected":false},"author":1,"featured_media":0,"parent":0,"menu_order":0,"comment_status":"closed","ping_status":"closed","template":"","meta":{"_acf_changed":false,"footnotes":""},"categories":[],"class_list":["post-9597","page","type-page","status-publish"],"acf":[],"yoast_head":"<!-- This site is optimized with the Yoast SEO plugin v26.8 - https:\/\/yoast.com\/product\/yoast-seo-wordpress\/ -->\n<title>Energianl\u00e6g, st\u00e6rkstr\u00f8m og h\u00f8jsp\u00e6ndingsanl\u00e6g \u2013 Professionelle el ingeni\u00f8rer til koblingsanl\u00e6g | ETP CONSULT A\/S<\/title>\n<meta name=\"description\" content=\"Energianl\u00e6g, st\u00e6rkstr\u00f8m og h\u00f8jsp\u00e6ndingsanl\u00e6g \u2013 Professionelle el ingeni\u00f8rer til koblingsanl\u00e6g. Contact ETP CONSULT A\/S today!\" \/>\n<meta name=\"robots\" content=\"index, follow, max-snippet:-1, max-image-preview:large, max-video-preview:-1\" \/>\n<link rel=\"canonical\" href=\"https:\/\/etpconsult.dk\/\" \/>\n<meta property=\"og:locale\" content=\"en_US\" \/>\n<meta property=\"og:type\" content=\"article\" \/>\n<meta property=\"og:title\" content=\"Energianl\u00e6g, st\u00e6rkstr\u00f8m og h\u00f8jsp\u00e6ndingsanl\u00e6g \u2013 Professionelle el ingeni\u00f8rer til koblingsanl\u00e6g | ETP CONSULT A\/S\" \/>\n<meta property=\"og:description\" content=\"Energianl\u00e6g, st\u00e6rkstr\u00f8m og h\u00f8jsp\u00e6ndingsanl\u00e6g \u2013 Professionelle el ingeni\u00f8rer til koblingsanl\u00e6g. Contact ETP CONSULT A\/S today!\" \/>\n<meta property=\"og:url\" content=\"https:\/\/etpconsult.dk\/\" \/>\n<meta property=\"og:site_name\" content=\"ETP CONSULT A\/S\" \/>\n<meta property=\"article:modified_time\" content=\"2025-10-07T06:39:45+00:00\" \/>\n<meta name=\"twitter:card\" content=\"summary_large_image\" \/>\n<meta name=\"twitter:label1\" content=\"Est. reading time\" \/>\n\t<meta name=\"twitter:data1\" content=\"1 minute\" \/>\n<script type=\"application\/ld+json\" class=\"yoast-schema-graph\">{\"@context\":\"https:\/\/schema.org\",\"@graph\":[{\"@type\":\"WebPage\",\"@id\":\"https:\/\/etpconsult.dk\/\",\"url\":\"https:\/\/etpconsult.dk\/\",\"name\":\"Energianl\u00e6g, st\u00e6rkstr\u00f8m og h\u00f8jsp\u00e6ndingsanl\u00e6g \u2013 Professionelle el ingeni\u00f8rer til koblingsanl\u00e6g | ETP CONSULT A\/S\",\"isPartOf\":{\"@id\":\"https:\/\/etpconsult.dk\/#website\"},\"datePublished\":\"2020-02-12T07:51:30+00:00\",\"dateModified\":\"2025-10-07T06:39:45+00:00\",\"description\":\"Energianl\u00e6g, st\u00e6rkstr\u00f8m og h\u00f8jsp\u00e6ndingsanl\u00e6g \u2013 Professionelle el ingeni\u00f8rer til koblingsanl\u00e6g. Contact ETP CONSULT A\/S today!\",\"breadcrumb\":{\"@id\":\"https:\/\/etpconsult.dk\/#breadcrumb\"},\"inLanguage\":\"en-US\",\"potentialAction\":[{\"@type\":\"ReadAction\",\"target\":[\"https:\/\/etpconsult.dk\/\"]}]},{\"@type\":\"BreadcrumbList\",\"@id\":\"https:\/\/etpconsult.dk\/#breadcrumb\",\"itemListElement\":[{\"@type\":\"ListItem\",\"position\":1,\"name\":\"Forside\",\"item\":\"https:\/\/etpconsult.dk\/\"},{\"@type\":\"ListItem\",\"position\":2,\"name\":\"Home page\"}]},{\"@type\":\"WebSite\",\"@id\":\"https:\/\/etpconsult.dk\/#website\",\"url\":\"https:\/\/etpconsult.dk\/\",\"name\":\"ETP CONSULT A\/S\",\"description\":\"Energianl\u00e6g, st\u00e6rkstr\u00f8m og h\u00f8jsp\u00e6ndingsanl\u00e6g \u2013 Professionelle el ingeni\u00f8rer til koblingsanl\u00e6g\",\"publisher\":{\"@id\":\"https:\/\/etpconsult.dk\/#organization\"},\"potentialAction\":[{\"@type\":\"SearchAction\",\"target\":{\"@type\":\"EntryPoint\",\"urlTemplate\":\"https:\/\/etpconsult.dk\/?s={search_term_string}\"},\"query-input\":{\"@type\":\"PropertyValueSpecification\",\"valueRequired\":true,\"valueName\":\"search_term_string\"}}],\"inLanguage\":\"en-US\"},{\"@type\":\"Organization\",\"@id\":\"https:\/\/etpconsult.dk\/#organization\",\"name\":\"ETP CONSULT A\/S\",\"url\":\"https:\/\/etpconsult.dk\/\",\"logo\":{\"@type\":\"ImageObject\",\"inLanguage\":\"en-US\",\"@id\":\"https:\/\/etpconsult.dk\/#\/schema\/logo\/image\/\",\"url\":\"https:\/\/etpconsult.dk\/wp-content\/uploads\/2025\/01\/logo-hvid.png\",\"contentUrl\":\"https:\/\/etpconsult.dk\/wp-content\/uploads\/2025\/01\/logo-hvid.png\",\"width\":300,\"height\":191,\"caption\":\"ETP CONSULT A\/S\"},\"image\":{\"@id\":\"https:\/\/etpconsult.dk\/#\/schema\/logo\/image\/\"}}]}<\/script>\n<!-- \/ Yoast SEO plugin. -->","yoast_head_json":{"title":"Energianl\u00e6g, st\u00e6rkstr\u00f8m og h\u00f8jsp\u00e6ndingsanl\u00e6g \u2013 Professionelle el ingeni\u00f8rer til koblingsanl\u00e6g | ETP CONSULT A\/S","description":"Energianl\u00e6g, st\u00e6rkstr\u00f8m og h\u00f8jsp\u00e6ndingsanl\u00e6g \u2013 Professionelle el ingeni\u00f8rer til koblingsanl\u00e6g. Contact ETP CONSULT A\/S today!","robots":{"index":"index","follow":"follow","max-snippet":"max-snippet:-1","max-image-preview":"max-image-preview:large","max-video-preview":"max-video-preview:-1"},"canonical":"https:\/\/etpconsult.dk\/","og_locale":"en_US","og_type":"article","og_title":"Energianl\u00e6g, st\u00e6rkstr\u00f8m og h\u00f8jsp\u00e6ndingsanl\u00e6g \u2013 Professionelle el ingeni\u00f8rer til koblingsanl\u00e6g | ETP CONSULT A\/S","og_description":"Energianl\u00e6g, st\u00e6rkstr\u00f8m og h\u00f8jsp\u00e6ndingsanl\u00e6g \u2013 Professionelle el ingeni\u00f8rer til koblingsanl\u00e6g. Contact ETP CONSULT A\/S today!","og_url":"https:\/\/etpconsult.dk\/","og_site_name":"ETP CONSULT A\/S","article_modified_time":"2025-10-07T06:39:45+00:00","twitter_card":"summary_large_image","twitter_misc":{"Est. reading time":"1 minute"},"schema":{"@context":"https:\/\/schema.org","@graph":[{"@type":"WebPage","@id":"https:\/\/etpconsult.dk\/","url":"https:\/\/etpconsult.dk\/","name":"Energianl\u00e6g, st\u00e6rkstr\u00f8m og h\u00f8jsp\u00e6ndingsanl\u00e6g \u2013 Professionelle el ingeni\u00f8rer til koblingsanl\u00e6g | ETP CONSULT A\/S","isPartOf":{"@id":"https:\/\/etpconsult.dk\/#website"},"datePublished":"2020-02-12T07:51:30+00:00","dateModified":"2025-10-07T06:39:45+00:00","description":"Energianl\u00e6g, st\u00e6rkstr\u00f8m og h\u00f8jsp\u00e6ndingsanl\u00e6g \u2013 Professionelle el ingeni\u00f8rer til koblingsanl\u00e6g. Contact ETP CONSULT A\/S today!","breadcrumb":{"@id":"https:\/\/etpconsult.dk\/#breadcrumb"},"inLanguage":"en-US","potentialAction":[{"@type":"ReadAction","target":["https:\/\/etpconsult.dk\/"]}]},{"@type":"BreadcrumbList","@id":"https:\/\/etpconsult.dk\/#breadcrumb","itemListElement":[{"@type":"ListItem","position":1,"name":"Forside","item":"https:\/\/etpconsult.dk\/"},{"@type":"ListItem","position":2,"name":"Home page"}]},{"@type":"WebSite","@id":"https:\/\/etpconsult.dk\/#website","url":"https:\/\/etpconsult.dk\/","name":"ETP CONSULT A\/S","description":"Energianl\u00e6g, st\u00e6rkstr\u00f8m og h\u00f8jsp\u00e6ndingsanl\u00e6g \u2013 Professionelle el ingeni\u00f8rer til koblingsanl\u00e6g","publisher":{"@id":"https:\/\/etpconsult.dk\/#organization"},"potentialAction":[{"@type":"SearchAction","target":{"@type":"EntryPoint","urlTemplate":"https:\/\/etpconsult.dk\/?s={search_term_string}"},"query-input":{"@type":"PropertyValueSpecification","valueRequired":true,"valueName":"search_term_string"}}],"inLanguage":"en-US"},{"@type":"Organization","@id":"https:\/\/etpconsult.dk\/#organization","name":"ETP CONSULT A\/S","url":"https:\/\/etpconsult.dk\/","logo":{"@type":"ImageObject","inLanguage":"en-US","@id":"https:\/\/etpconsult.dk\/#\/schema\/logo\/image\/","url":"https:\/\/etpconsult.dk\/wp-content\/uploads\/2025\/01\/logo-hvid.png","contentUrl":"https:\/\/etpconsult.dk\/wp-content\/uploads\/2025\/01\/logo-hvid.png","width":300,"height":191,"caption":"ETP CONSULT A\/S"},"image":{"@id":"https:\/\/etpconsult.dk\/#\/schema\/logo\/image\/"}}]}},"_links":{"self":[{"href":"https:\/\/etpconsult.dk\/en\/wp-json\/wp\/v2\/pages\/9597","targetHints":{"allow":["GET"]}}],"collection":[{"href":"https:\/\/etpconsult.dk\/en\/wp-json\/wp\/v2\/pages"}],"about":[{"href":"https:\/\/etpconsult.dk\/en\/wp-json\/wp\/v2\/types\/page"}],"author":[{"embeddable":true,"href":"https:\/\/etpconsult.dk\/en\/wp-json\/wp\/v2\/users\/1"}],"replies":[{"embeddable":true,"href":"https:\/\/etpconsult.dk\/en\/wp-json\/wp\/v2\/comments?post=9597"}],"version-history":[{"count":10,"href":"https:\/\/etpconsult.dk\/en\/wp-json\/wp\/v2\/pages\/9597\/revisions"}],"predecessor-version":[{"id":9626,"href":"https:\/\/etpconsult.dk\/en\/wp-json\/wp\/v2\/pages\/9597\/revisions\/9626"}],"wp:attachment":[{"href":"https:\/\/etpconsult.dk\/en\/wp-json\/wp\/v2\/media?parent=9597"}],"wp:term":[{"taxonomy":"category","embeddable":true,"href":"https:\/\/etpconsult.dk\/en\/wp-json\/wp\/v2\/categories?post=9597"}],"curies":[{"name":"wp","href":"https:\/\/api.w.org\/{rel}","templated":true}]}}